{"id":476,"date":"2020-04-08T09:27:03","date_gmt":"2020-04-08T12:27:03","guid":{"rendered":"http:\/\/eduke.com.br\/index.php\/all-courses\/"},"modified":"2023-03-05T16:05:54","modified_gmt":"2023-03-05T19:05:54","slug":"cursos","status":"publish","type":"page","link":"https:\/\/eduke.com.br\/index.php\/cursos\/","title":{"rendered":"Cursos"},"content":{"rendered":"\t\t<div data-elementor-type=\"wp-page\" data-elementor-id=\"476\" class=\"elementor elementor-476\">\n\t\t\t\t\t\t<section class=\"elementor-section elementor-top-section elementor-element elementor-element-79dde01 elementor-section-boxed elementor-section-height-default elementor-section-height-default\" data-id=\"79dde01\" data-element_type=\"section\" data-e-type=\"section\" data-settings=\"{&quot;background_background&quot;:&quot;classic&quot;}\">\n\t\t\t\t\t\t\t<div class=\"elementor-background-overlay\"><\/div>\n\t\t\t\t\t\t\t<div class=\"elementor-container elementor-column-gap-no\">\n\t\t\t\t\t<div class=\"elementor-column elementor-col-100 elementor-top-column elementor-element elementor-element-80293b9\" data-id=\"80293b9\" data-element_type=\"column\" data-e-type=\"column\">\n\t\t\t<div class=\"elementor-widget-wrap elementor-element-populated\">\n\t\t\t\t\t\t<div class=\"elementor-element elementor-element-97f4c4e elementor-widget elementor-widget-spacer\" data-id=\"97f4c4e\" data-element_type=\"widget\" data-e-type=\"widget\" data-widget_type=\"spacer.default\">\n\t\t\t\t<div class=\"elementor-widget-container\">\n\t\t\t\t\t\t\t<div class=\"elementor-spacer\">\n\t\t\t<div class=\"elementor-spacer-inner\"><\/div>\n\t\t<\/div>\n\t\t\t\t\t\t<\/div>\n\t\t\t\t<\/div>\n\t\t\t\t<div class=\"elementor-element elementor-element-de8583b elementor-widget elementor-widget-heading\" data-id=\"de8583b\" data-element_type=\"widget\" data-e-type=\"widget\" data-widget_type=\"heading.default\">\n\t\t\t\t<div class=\"elementor-widget-container\">\n\t\t\t\t\t<h2 class=\"elementor-heading-title elementor-size-default\">Cursos<\/h2>\t\t\t\t<\/div>\n\t\t\t\t<\/div>\n\t\t\t\t\t<\/div>\n\t\t<\/div>\n\t\t\t\t\t<\/div>\n\t\t<\/section>\n\t\t\t\t<section class=\"elementor-section elementor-top-section elementor-element elementor-element-9c06952 elementor-section-content-middle elementor-section-boxed elementor-section-height-default elementor-section-height-default\" data-id=\"9c06952\" data-element_type=\"section\" data-e-type=\"section\">\n\t\t\t\t\t\t<div class=\"elementor-container elementor-column-gap-no\">\n\t\t\t\t\t<div class=\"elementor-column elementor-col-33 elementor-top-column elementor-element elementor-element-85b149e\" data-id=\"85b149e\" data-element_type=\"column\" data-e-type=\"column\">\n\t\t\t<div class=\"elementor-widget-wrap elementor-element-populated\">\n\t\t\t\t\t\t<div class=\"elementor-element elementor-element-5933bc2 elementor-widget elementor-widget-heading\" data-id=\"5933bc2\" data-element_type=\"widget\" data-e-type=\"widget\" data-widget_type=\"heading.default\">\n\t\t\t\t<div class=\"elementor-widget-container\">\n\t\t\t\t\t<h6 class=\"elementor-heading-title elementor-size-default\">Conhe\u00e7a os conte\u00fados dos cursos da eduKe<\/h6>\t\t\t\t<\/div>\n\t\t\t\t<\/div>\n\t\t\t\t<div class=\"elementor-element elementor-element-f1cecd6 elementor-widget elementor-widget-heading\" data-id=\"f1cecd6\" data-element_type=\"widget\" data-e-type=\"widget\" data-widget_type=\"heading.default\">\n\t\t\t\t<div class=\"elementor-widget-container\">\n\t\t\t\t\t<h2 class=\"elementor-heading-title elementor-size-default\">CURSOS MAIS PROCURADOS\n<\/h2>\t\t\t\t<\/div>\n\t\t\t\t<\/div>\n\t\t\t\t\t<\/div>\n\t\t<\/div>\n\t\t\t\t<div class=\"elementor-column elementor-col-66 elementor-top-column elementor-element elementor-element-39c4fce\" data-id=\"39c4fce\" data-element_type=\"column\" data-e-type=\"column\">\n\t\t\t<div class=\"elementor-widget-wrap elementor-element-populated\">\n\t\t\t\t\t\t<div class=\"elementor-element elementor-element-dba6bdb elementor-widget elementor-widget-text-editor\" data-id=\"dba6bdb\" data-element_type=\"widget\" data-e-type=\"widget\" data-widget_type=\"text-editor.default\">\n\t\t\t\t<div class=\"elementor-widget-container\">\n\t\t\t\t\t\t\t\t\t<p>Disponibilizamos cursos livres, treinamentos e aperfei\u00e7oamento profissional para pessoas e equipes de empresas.<\/p>\t\t\t\t\t\t\t\t<\/div>\n\t\t\t\t<\/div>\n\t\t\t\t\t<\/div>\n\t\t<\/div>\n\t\t\t\t\t<\/div>\n\t\t<\/section>\n\t\t\t\t<section class=\"elementor-section elementor-top-section elementor-element elementor-element-6512519 elementor-section-boxed elementor-section-height-default elementor-section-height-default\" data-id=\"6512519\" data-element_type=\"section\" data-e-type=\"section\" data-settings=\"{&quot;background_background&quot;:&quot;classic&quot;}\">\n\t\t\t\t\t\t<div class=\"elementor-container elementor-column-gap-no\">\n\t\t\t\t\t<div class=\"elementor-column elementor-col-100 elementor-top-column elementor-element elementor-element-da37464\" data-id=\"da37464\" data-element_type=\"column\" data-e-type=\"column\">\n\t\t\t<div class=\"elementor-widget-wrap elementor-element-populated\">\n\t\t\t\t\t\t<div class=\"elementor-element elementor-element-ca759ee animated-slow elementor-invisible elementor-widget elementor-widget-shortcode\" data-id=\"ca759ee\" data-element_type=\"widget\" data-e-type=\"widget\" data-settings=\"{&quot;_animation&quot;:&quot;slideInUp&quot;}\" data-widget_type=\"shortcode.default\">\n\t\t\t\t<div class=\"elementor-widget-container\">\n\t\t\t\t\t\t\t<div class=\"elementor-shortcode\"><div id=\"ld-course-list-content-bfc399bdfd492a4d22df2747350afb26\" class=\"ld-course-list-content\" data-shortcode-atts=\"{&quot;col&quot;:&quot;3&quot;,&quot;categoryselector&quot;:&quot;true&quot;,&quot;progress_bar&quot;:&quot;true&quot;,&quot;order&quot;:&quot;asc&quot;}\">\n\t\t\t<div class=\"ld-course-list-items row\">\n\t<!-- LearnDash Course Grid v1 --><div class=\"ld_course_grid col-sm-8 col-md-4 \">\n\t<article id=\"post-338\" class=\" thumbnail course post-338 sfwd-courses type-sfwd-courses status-publish has-post-thumbnail hentry\">\n\t\t\t\t\t\t\t\t<div class=\"ribbon free\">\n\t\t\t\tFree\t\t\t<\/div>\n\t\t\t\n\t\t\t\t\t\t<a href=\"https:\/\/eduke.com.br\/index.php\/courses\/visual-law-e-legal-designer\/\" rel=\"bookmark\">\n\t\t\t\t<img fetchpriority=\"high\" decoding=\"async\" width=\"300\" height=\"167\" src=\"https:\/\/eduke.com.br\/wp-content\/uploads\/2020\/04\/html-300x167.jpg\" class=\"attachment-medium size-medium wp-post-image\" alt=\"\" srcset=\"https:\/\/eduke.com.br\/wp-content\/uploads\/2020\/04\/html-300x167.jpg 300w, https:\/\/eduke.com.br\/wp-content\/uploads\/2020\/04\/html-768x428.jpg 768w, https:\/\/eduke.com.br\/wp-content\/uploads\/2020\/04\/html-400x223.jpg 400w, https:\/\/eduke.com.br\/wp-content\/uploads\/2020\/04\/html-600x334.jpg 600w, https:\/\/eduke.com.br\/wp-content\/uploads\/2020\/04\/html.jpg 1024w\" sizes=\"(max-width: 300px) 100vw, 300px\" \/>\t\t\t<\/a>\n\t\t\t\t\t\n\t\t\t\t\t<div class=\"caption\">\n\t\t\t\t<h3 class=\"entry-title\">Visual Law e Legal Designer<\/h3>\n\t\t\t\t\t\t\t\t<div class=\"entry-content\"><p>Lorem ipsum dolor sit amet consectetur.<\/p>\n<\/div>\n\t\t\t\t\t\t\t\t<div class=\"ld_course_grid_button\"><a class=\"btn btn-primary\" role=\"button\" href=\"https:\/\/eduke.com.br\/index.php\/courses\/visual-law-e-legal-designer\/\" rel=\"bookmark\">Continue Study<\/a><\/div>\n\t\t\t\t\t\t\t\t\t\t\t\t\t\t\t\t\t\t\t\t\t\t\t\t\t\t\t<\/div><!-- .entry-header -->\n\t\t\t<\/article><!-- #post-## -->\n<\/div><!-- .ld_course_grid -->\n<!-- LearnDash Course Grid v1 --><div class=\"ld_course_grid col-sm-8 col-md-4 \">\n\t<article id=\"post-366\" class=\" thumbnail course post-366 sfwd-courses type-sfwd-courses status-publish has-post-thumbnail hentry\">\n\t\t\t\t\t\t\t\t<div class=\"ribbon\">\n\t\t\t\t1,520.00\/90 days\t\t\t<\/div>\n\t\t\t\n\t\t\t\t\t\t<a href=\"https:\/\/eduke.com.br\/index.php\/courses\/wordpress-basic-tutorial\/\" rel=\"bookmark\">\n\t\t\t\t<img decoding=\"async\" width=\"300\" height=\"167\" src=\"https:\/\/eduke.com.br\/wp-content\/uploads\/2020\/04\/wordpress-300x167.jpg\" class=\"attachment-medium size-medium wp-post-image\" alt=\"\" srcset=\"https:\/\/eduke.com.br\/wp-content\/uploads\/2020\/04\/wordpress-300x167.jpg 300w, https:\/\/eduke.com.br\/wp-content\/uploads\/2020\/04\/wordpress-768x428.jpg 768w, https:\/\/eduke.com.br\/wp-content\/uploads\/2020\/04\/wordpress-400x223.jpg 400w, https:\/\/eduke.com.br\/wp-content\/uploads\/2020\/04\/wordpress-600x334.jpg 600w, https:\/\/eduke.com.br\/wp-content\/uploads\/2020\/04\/wordpress.jpg 1024w\" sizes=\"(max-width: 300px) 100vw, 300px\" \/>\t\t\t<\/a>\n\t\t\t\t\t\n\t\t\t\t\t<div class=\"caption\">\n\t\t\t\t<h3 class=\"entry-title\">Direito de Fam\u00edlia<\/h3>\n\t\t\t\t\t\t\t\t<div class=\"entry-content\"><p>Repellat perspiciatis cum! Doloremque ea viverra.<\/p>\n<\/div>\n\t\t\t\t\t\t\t\t<div class=\"ld_course_grid_button\"><a class=\"btn btn-primary\" role=\"button\" href=\"https:\/\/eduke.com.br\/index.php\/courses\/wordpress-basic-tutorial\/\" rel=\"bookmark\">Enroll Now<\/a><\/div>\n\t\t\t\t\t\t\t\t\t\t\t\t\t\t\t\t\t\t\t\t\t\t\t\t\t\t\t<\/div><!-- .entry-header -->\n\t\t\t<\/article><!-- #post-## -->\n<\/div><!-- .ld_course_grid -->\n<!-- LearnDash Course Grid v1 --><div class=\"ld_course_grid col-sm-8 col-md-4 \">\n\t<article id=\"post-369\" class=\" thumbnail course post-369 sfwd-courses type-sfwd-courses status-publish has-post-thumbnail hentry\">\n\t\t\t\t\t\t\t\t<div class=\"ribbon\">\n\t\t\t\tFree\t\t\t<\/div>\n\t\t\t\n\t\t\t\t\t\t<a href=\"https:\/\/eduke.com.br\/index.php\/courses\/lgpd-para-todos\/\" rel=\"bookmark\">\n\t\t\t\t<img decoding=\"async\" width=\"300\" height=\"167\" src=\"https:\/\/eduke.com.br\/wp-content\/uploads\/2020\/04\/ecommerce-300x167.jpg\" class=\"attachment-medium size-medium wp-post-image\" alt=\"\" srcset=\"https:\/\/eduke.com.br\/wp-content\/uploads\/2020\/04\/ecommerce-300x167.jpg 300w, https:\/\/eduke.com.br\/wp-content\/uploads\/2020\/04\/ecommerce-768x428.jpg 768w, https:\/\/eduke.com.br\/wp-content\/uploads\/2020\/04\/ecommerce-400x223.jpg 400w, https:\/\/eduke.com.br\/wp-content\/uploads\/2020\/04\/ecommerce-600x334.jpg 600w, https:\/\/eduke.com.br\/wp-content\/uploads\/2020\/04\/ecommerce.jpg 1024w\" sizes=\"(max-width: 300px) 100vw, 300px\" \/>\t\t\t<\/a>\n\t\t\t\t\t\n\t\t\t\t\t<div class=\"caption\">\n\t\t\t\t<h3 class=\"entry-title\">LGPD para Todos<\/h3>\n\t\t\t\t\t\t\t\t<div class=\"entry-content\"><p>Ut ullamcorper viverra neque a porttitor.<\/p>\n<\/div>\n\t\t\t\t\t\t\t\t<div class=\"ld_course_grid_button\"><a class=\"btn btn-primary\" role=\"button\" href=\"https:\/\/eduke.com.br\/index.php\/courses\/lgpd-para-todos\/\" rel=\"bookmark\">comprar<\/a><\/div>\n\t\t\t\t\t\t\t\t\t\t\t\t\t\t\t\t\t\t\t\t\t\t\t\t\t\t\t<\/div><!-- .entry-header -->\n\t\t\t<\/article><!-- #post-## -->\n<\/div><!-- .ld_course_grid -->\n<!-- LearnDash Course Grid v1 --><div class=\"ld_course_grid col-sm-8 col-md-4 \">\n\t<article id=\"post-25781\" class=\" thumbnail course post-25781 sfwd-courses type-sfwd-courses status-publish has-post-thumbnail hentry\">\n\t\t\t\t\t\t\t\t<div class=\"ribbon\">\n\t\t\t\t1.520,00\/90 days\t\t\t<\/div>\n\t\t\t\n\t\t\t\t\t\t<a href=\"https:\/\/eduke.com.br\/index.php\/courses\/wordpress-basic-tutorial-2\/\" rel=\"bookmark\">\n\t\t\t\t<img decoding=\"async\" width=\"300\" height=\"167\" src=\"https:\/\/eduke.com.br\/wp-content\/uploads\/2020\/04\/wordpress-300x167.jpg\" class=\"attachment-medium size-medium wp-post-image\" alt=\"\" srcset=\"https:\/\/eduke.com.br\/wp-content\/uploads\/2020\/04\/wordpress-300x167.jpg 300w, https:\/\/eduke.com.br\/wp-content\/uploads\/2020\/04\/wordpress-768x428.jpg 768w, https:\/\/eduke.com.br\/wp-content\/uploads\/2020\/04\/wordpress-400x223.jpg 400w, https:\/\/eduke.com.br\/wp-content\/uploads\/2020\/04\/wordpress-600x334.jpg 600w, https:\/\/eduke.com.br\/wp-content\/uploads\/2020\/04\/wordpress.jpg 1024w\" sizes=\"(max-width: 300px) 100vw, 300px\" \/>\t\t\t<\/a>\n\t\t\t\t\t\n\t\t\t\t\t<div class=\"caption\">\n\t\t\t\t<h3 class=\"entry-title\">Direito Digital<\/h3>\n\t\t\t\t\t\t\t\t<div class=\"entry-content\"><p>Repellat perspiciatis cum! Doloremque ea viverra.<\/p>\n<\/div>\n\t\t\t\t\t\t\t\t<div class=\"ld_course_grid_button\"><a class=\"btn btn-primary\" role=\"button\" href=\"https:\/\/eduke.com.br\/index.php\/courses\/wordpress-basic-tutorial-2\/\" rel=\"bookmark\">Enroll Now<\/a><\/div>\n\t\t\t\t\t\t\t\t\t\t\t\t\t\t\t\t\t\t\t\t\t\t\t\t\t\t\t<\/div><!-- .entry-header -->\n\t\t\t<\/article><!-- #post-## -->\n<\/div><!-- .ld_course_grid -->\n<!-- LearnDash Course Grid v1 --><div class=\"ld_course_grid col-sm-8 col-md-4 \">\n\t<article id=\"post-25782\" class=\" thumbnail course post-25782 sfwd-courses type-sfwd-courses status-publish has-post-thumbnail hentry\">\n\t\t\t\t\t\t\t\t<div class=\"ribbon\">\n\t\t\t\tFree\t\t\t<\/div>\n\t\t\t\n\t\t\t\t\t\t<a href=\"https:\/\/eduke.com.br\/index.php\/courses\/consultoria-juridica-para-o-e-commerce\/\" rel=\"bookmark\">\n\t\t\t\t<img decoding=\"async\" width=\"300\" height=\"167\" src=\"https:\/\/eduke.com.br\/wp-content\/uploads\/2020\/04\/ecommerce-300x167.jpg\" class=\"attachment-medium size-medium wp-post-image\" alt=\"\" srcset=\"https:\/\/eduke.com.br\/wp-content\/uploads\/2020\/04\/ecommerce-300x167.jpg 300w, https:\/\/eduke.com.br\/wp-content\/uploads\/2020\/04\/ecommerce-768x428.jpg 768w, https:\/\/eduke.com.br\/wp-content\/uploads\/2020\/04\/ecommerce-400x223.jpg 400w, https:\/\/eduke.com.br\/wp-content\/uploads\/2020\/04\/ecommerce-600x334.jpg 600w, https:\/\/eduke.com.br\/wp-content\/uploads\/2020\/04\/ecommerce.jpg 1024w\" sizes=\"(max-width: 300px) 100vw, 300px\" \/>\t\t\t<\/a>\n\t\t\t\t\t\n\t\t\t\t\t<div class=\"caption\">\n\t\t\t\t<h3 class=\"entry-title\">Consultoria Jur\u00eddica para o E-Commerce<\/h3>\n\t\t\t\t\t\t\t\t<div class=\"entry-content\"><p>Ut ullamcorper viverra neque a porttitor.<\/p>\n<\/div>\n\t\t\t\t\t\t\t\t<div class=\"ld_course_grid_button\"><a class=\"btn btn-primary\" role=\"button\" href=\"https:\/\/eduke.com.br\/index.php\/courses\/consultoria-juridica-para-o-e-commerce\/\" rel=\"bookmark\">comprar<\/a><\/div>\n\t\t\t\t\t\t\t\t\t\t\t\t\t\t\t\t\t\t\t\t\t\t\t\t\t\t\t<\/div><!-- .entry-header -->\n\t\t\t<\/article><!-- #post-## -->\n<\/div><!-- .ld_course_grid -->\n<!-- LearnDash Course Grid v1 --><div class=\"ld_course_grid col-sm-8 col-md-4 \">\n\t<article id=\"post-26112\" class=\" thumbnail course post-26112 sfwd-courses type-sfwd-courses status-publish has-post-thumbnail hentry\">\n\t\t\t\t\t\t\t\t<div class=\"ribbon\">\n\t\t\t\tFree\/year\t\t\t<\/div>\n\t\t\t\n\t\t\t\t\t\t<a href=\"https:\/\/eduke.com.br\/index.php\/courses\/direito-digital-na-pratica-forense\/\" rel=\"bookmark\">\n\t\t\t\t<img loading=\"lazy\" decoding=\"async\" width=\"300\" height=\"169\" src=\"https:\/\/eduke.com.br\/wp-content\/uploads\/2020\/02\/bg-09-free-img-300x169.jpg\" class=\"attachment-medium size-medium wp-post-image\" alt=\"Background Image\" srcset=\"https:\/\/eduke.com.br\/wp-content\/uploads\/2020\/02\/bg-09-free-img-300x169.jpg 300w, https:\/\/eduke.com.br\/wp-content\/uploads\/2020\/02\/bg-09-free-img-1024x576.jpg 1024w, https:\/\/eduke.com.br\/wp-content\/uploads\/2020\/02\/bg-09-free-img-768x432.jpg 768w, https:\/\/eduke.com.br\/wp-content\/uploads\/2020\/02\/bg-09-free-img-1536x864.jpg 1536w, https:\/\/eduke.com.br\/wp-content\/uploads\/2020\/02\/bg-09-free-img-400x225.jpg 400w, https:\/\/eduke.com.br\/wp-content\/uploads\/2020\/02\/bg-09-free-img-600x338.jpg 600w, https:\/\/eduke.com.br\/wp-content\/uploads\/2020\/02\/bg-09-free-img.jpg 1920w\" sizes=\"(max-width: 300px) 100vw, 300px\" \/>\t\t\t<\/a>\n\t\t\t\t\t\n\t\t\t\t\t<div class=\"caption\">\n\t\t\t\t<h3 class=\"entry-title\">Direito Digital na Pr\u00e1tica forense<\/h3>\n\t\t\t\t\t\t\t\t<div class=\"ld_course_grid_button\"><a class=\"btn btn-primary\" role=\"button\" href=\"https:\/\/eduke.com.br\/index.php\/courses\/direito-digital-na-pratica-forense\/\" rel=\"bookmark\">Enroll Now<\/a><\/div>\n\t\t\t\t\t\t\t\t\t\t\t\t\t\t\t\t\t\t\t\t\t\t\t\t\t\t\t<\/div><!-- .entry-header -->\n\t\t\t<\/article><!-- #post-## -->\n<\/div><!-- .ld_course_grid -->\n<!-- LearnDash Course Grid v1 --><div class=\"ld_course_grid col-sm-8 col-md-4 \">\n\t<article id=\"post-26349\" class=\" thumbnail course post-26349 sfwd-courses type-sfwd-courses status-publish hentry\">\n\t\t\t\t\t\t\t\t<div class=\"ribbon free\">\n\t\t\t\tFree\t\t\t<\/div>\n\t\t\t\n\t\t\t\t\t\t<a href=\"https:\/\/eduke.com.br\/index.php\/courses\/gestao-de-crise-na-internet\/\" rel=\"bookmark\">\n\t\t\t\t<img decoding=\"async\" alt=\"\" src=\"https:\/\/eduke.com.br\/wp-content\/plugins\/learndash-course-grid\/assets\/img\/thumbnail.jpg\"\/>\n\t\t\t<\/a>\n\t\t\t\t\t\n\t\t\t\t\t<div class=\"caption\">\n\t\t\t\t<h3 class=\"entry-title\">Gest\u00e3o de Crise na Internet<\/h3>\n\t\t\t\t\t\t\t\t<div class=\"ld_course_grid_button\"><a class=\"btn btn-primary\" role=\"button\" href=\"https:\/\/eduke.com.br\/index.php\/courses\/gestao-de-crise-na-internet\/\" rel=\"bookmark\">Continue Study<\/a><\/div>\n\t\t\t\t\t\t\t\t\t\t\t\t\t\t\t\t\t\t\t\t\t\t\t\t\t\t\t<\/div><!-- .entry-header -->\n\t\t\t<\/article><!-- #post-## -->\n<\/div><!-- .ld_course_grid -->\n\t<\/div>\n\t\t\t<\/div>\n\t\t<\/div>\n\t\t\t\t\t\t<\/div>\n\t\t\t\t<\/div>\n\t\t\t\t\t<\/div>\n\t\t<\/div>\n\t\t\t\t\t<\/div>\n\t\t<\/section>\n\t\t\t\t<\/div>\n\t\t","protected":false},"excerpt":{"rendered":"<p>Cursos Conhe\u00e7a os conte\u00fados dos cursos da eduKe CURSOS MAIS PROCURADOS Disponibilizamos cursos livres, treinamentos e aperfei\u00e7oamento profissional para pessoas e equipes de empresas.<\/p>\n","protected":false},"author":1,"featured_media":0,"parent":0,"menu_order":0,"comment_status":"closed","ping_status":"closed","template":"","meta":{"_bbp_topic_count":0,"_bbp_reply_count":0,"_bbp_total_topic_count":0,"_bbp_total_reply_count":0,"_bbp_voice_count":0,"_bbp_anonymous_reply_count":0,"_bbp_topic_count_hidden":0,"_bbp_reply_count_hidden":0,"_bbp_forum_subforum_count":0,"om_disable_all_campaigns":false,"_monsterinsights_skip_tracking":false,"_monsterinsights_sitenote_active":false,"_monsterinsights_sitenote_note":"","_monsterinsights_sitenote_category":0,"site-sidebar-layout":"no-sidebar","site-content-layout":"page-builder","ast-site-content-layout":"default","site-content-style":"default","site-sidebar-style":"default","ast-global-header-display":"","ast-banner-title-visibility":"","ast-main-header-display":"","ast-hfb-above-header-display":"","ast-hfb-below-header-display":"","ast-hfb-mobile-header-display":"","site-post-title":"disabled","ast-breadcrumbs-content":"disabled","ast-featured-img":"disabled","footer-sml-layout":"","ast-disable-related-posts":"","theme-transparent-header-meta":"enabled","adv-header-id-meta":"","stick-header-meta":"","header-above-stick-meta":"","header-main-stick-meta":"","header-below-stick-meta":"","astra-migrate-meta-layouts":"default","ast-page-background-enabled":"default","ast-page-background-meta":{"desktop":{"background-color":"","background-image":"","background-repeat":"repeat","background-position":"center center","background-size":"auto","background-attachment":"scroll","background-type":"","background-media":"","overlay-type":"","overlay-color":"","overlay-opacity":"","overlay-gradient":""},"tablet":{"background-color":"","background-image":"","background-repeat":"repeat","background-position":"center center","background-size":"auto","background-attachment":"scroll","background-type":"","background-media":"","overlay-type":"","overlay-color":"","overlay-opacity":"","overlay-gradient":""},"mobile":{"background-color":"","background-image":"","background-repeat":"repeat","background-position":"center center","background-size":"auto","background-attachment":"scroll","background-type":"","background-media":"","overlay-type":"","overlay-color":"","overlay-opacity":"","overlay-gradient":""}},"ast-content-background-meta":{"desktop":{"background-color":"var(--ast-global-color-5)","background-image":"","background-repeat":"repeat","background-position":"center center","background-size":"auto","background-attachment":"scroll","background-type":"","background-media":"","overlay-type":"","overlay-color":"","overlay-opacity":"","overlay-gradient":""},"tablet":{"background-color":"var(--ast-global-color-5)","background-image":"","background-repeat":"repeat","background-position":"center center","background-size":"auto","background-attachment":"scroll","background-type":"","background-media":"","overlay-type":"","overlay-color":"","overlay-opacity":"","overlay-gradient":""},"mobile":{"background-color":"var(--ast-global-color-5)","background-image":"","background-repeat":"repeat","background-position":"center center","background-size":"auto","background-attachment":"scroll","background-type":"","background-media":"","overlay-type":"","overlay-color":"","overlay-opacity":"","overlay-gradient":""}},"footnotes":""},"class_list":["post-476","page","type-page","status-publish","hentry"],"aioseo_notices":[],"_links":{"self":[{"href":"https:\/\/eduke.com.br\/index.php\/wp-json\/wp\/v2\/pages\/476","targetHints":{"allow":["GET"]}}],"collection":[{"href":"https:\/\/eduke.com.br\/index.php\/wp-json\/wp\/v2\/pages"}],"about":[{"href":"https:\/\/eduke.com.br\/index.php\/wp-json\/wp\/v2\/types\/page"}],"author":[{"embeddable":true,"href":"https:\/\/eduke.com.br\/index.php\/wp-json\/wp\/v2\/users\/1"}],"replies":[{"embeddable":true,"href":"https:\/\/eduke.com.br\/index.php\/wp-json\/wp\/v2\/comments?post=476"}],"version-history":[{"count":34,"href":"https:\/\/eduke.com.br\/index.php\/wp-json\/wp\/v2\/pages\/476\/revisions"}],"predecessor-version":[{"id":25978,"href":"https:\/\/eduke.com.br\/index.php\/wp-json\/wp\/v2\/pages\/476\/revisions\/25978"}],"wp:attachment":[{"href":"https:\/\/eduke.com.br\/index.php\/wp-json\/wp\/v2\/media?parent=476"}],"curies":[{"name":"wp","href":"https:\/\/api.w.org\/{rel}","templated":true}]}}